{"id":2345,"date":"2025-09-15T17:17:30","date_gmt":"2025-09-15T14:17:30","guid":{"rendered":"https:\/\/medialiteracyforum.media-azi.md\/?page_id=2345"},"modified":"2025-10-08T22:56:27","modified_gmt":"2025-10-08T19:56:27","slug":"moldova-media-literacy-forum-2025-2","status":"publish","type":"page","link":"https:\/\/medialiteracyforum.media-azi.md\/index.php\/moldova-media-literacy-forum-2025-2\/","title":{"rendered":"Moldova Media Literacy Forum 2025"},"content":{"rendered":"\n<div class=\"wp-block-media-text is-stacked-on-mobile is-vertically-aligned-center\"><figure class=\"wp-block-media-text__media\"><img loading=\"lazy\" width=\"750\" height=\"502\" src=\"https:\/\/medialiteracyforum.media-azi.md\/wp-content\/uploads\/2021\/08\/cji.jpg\" alt=\"\" class=\"wp-image-898 size-full\" srcset=\"https:\/\/medialiteracyforum.media-azi.md\/wp-content\/uploads\/2021\/08\/cji.jpg 750w, https:\/\/medialiteracyforum.media-azi.md\/wp-content\/uploads\/2021\/08\/cji-300x201.jpg 300w\" sizes=\"(max-width: 750px) 100vw, 750px\" \/><\/figure><div class=\"wp-block-media-text__content\">\n<p>Centrul pentru Jurnalism Independent (CJI) organizeaz\u0103 pe data de <strong>24 octombrie 2025<\/strong> a treia edi\u021bie a Forumului de Educa\u021bie Media \u2013 Moldova Media Literacy Forum. Prima edi\u021bie a avut loc pe 17 septembrie 2021, iar cea de-a doua edi\u021bie s-a desf\u0103\u0219urat pe 26 octombrie 2023.<\/p>\n\n\n\n<p>Forumul va avea loc la Clasa Viitorului din incinta Universit\u0103\u021bii Pedagogice de Stat \u201eIon Creang\u0103\u201d \u0219i va reuni la Chi\u0219in\u0103u factori de decizie, profesori \u0219i profesoare de Educa\u021bie pentru media, exper\u021bi locali \u0219i str\u0103ini pentru a discuta cele mai recente evolu\u021bii \u00een domeniu.<\/p>\n\n\n\n<p><\/p>\n\n\n\n<p><\/p>\n\n\n\n<div class=\"wp-block-columns\">\n<div class=\"wp-block-column\"><\/div>\n\n\n\n<div class=\"wp-block-column\"><\/div>\n<\/div>\n\n\n\n<div class=\"wp-block-buttons\"><\/div>\n<\/div><\/div>\n\n\n\n<p><a>Timp de nou\u0103 ani, disciplina op\u021bional\u0103 Educa\u021bie pentru media este parte a programului \u0219colar, fiind predat\u0103 \u00een tot mai multe institu\u021bii de \u00eenv\u0103\u021b\u0103m\u00e2nt din Republica Moldova, la toate treptele de \u00eenv\u0103\u021b\u0103m\u00e2nt \u2013 primar\u0103, gimnazial\u0103 \u0219i liceal\u0103, \u00een limbile rom\u00e2n\u0103 \u0219i rus\u0103. <\/a>\u00cen ultimii nou\u0103 ani, circa 850 de \u00eenv\u0103\u021b\u0103tori \u0219i \u00eenv\u0103\u021b\u0103toare, profesori \u0219i profesoare \u0219i-au dezvoltat competen\u021bele media, fiind preg\u0103ti\u021bi s\u0103 transmit\u0103 aceste cuno\u0219tin\u021be discipolilor lor. De asemenea, timp de nou\u0103 ani, circa 26.000 de elevi au \u00eenv\u0103\u021bat sau \u00eenva\u021b\u0103 disciplina Educa\u021bie pentru media. Prin intermediul acestui curs, tinerii au acces la resurse adaptate v\u00e2rstei lor, care \u00eei ajut\u0103 s\u0103 exploreze spa\u021biul online \u00eentr-un mod sigur \u0219i responsabil. Totodat\u0103, disciplina \u00eei \u00eencurajeaz\u0103 s\u0103-\u0219i dezvolte abilit\u0103\u021bile de <strong>g\u00e2ndire critic\u0103<\/strong>, s\u0103 recunoasc\u0103 \u0219i s\u0103 combat\u0103 manipularea \u0219i dezinformarea, dar \u0219i s\u0103-\u0219i formeze deprinderea de a selecta cu discern\u0103m\u00e2nt sursele de informare.<\/p>\n\n\n\n<p>De la an la an, num\u0103rul de \u0219coli \u00een care este predat\u0103 disciplina continu\u0103 s\u0103 creasc\u0103, iar profesorii \u0219i profesoarele se conving de faptul c\u0103 educa\u021bia media este o necesitate. Pentru a fi \u00een pas cu noile tendin\u021be, \u00een perioada 2023-2025, CJI a actualizat cele trei manuale de Educa\u021bie pentru media la treapta primar\u0103, gimnazial\u0103 \u0219i liceal\u0103, at\u00e2t \u00een limba rom\u00e2n\u0103, c\u00e2t \u0219i \u00een limba rus\u0103. Mai mult, \u00eencep\u00e2nd din luna septembrie 2025, elevii \u0219i elevele care au ales s\u0103 studieze disciplina Educa\u021bie pentru media beneficiaz\u0103 \u0219i de platforma digital\u0103 \u2013 <a href=\"https:\/\/emi.cji.md\/\">https:\/\/emi.cji.md\/<\/a>. Platforma ofer\u0103 acces gratuit la con\u021binutul manualelor digitale Educa\u021bie pentru media la toate treptele de \u00eenv\u0103\u021b\u0103m\u00e2nt \u2013 primar, gimnazial \u0219i liceal \u2013 \u00een limbile rom\u00e2n\u0103 \u0219i rus\u0103.<\/p>\n\n\n\n<p>\u00cen ultimii doi ani, CJI a pilotat Programul privind integrarea conceptelor de educa\u021bie pentru media la disciplinele de baz\u0103. Astfel, \u00een anul de studii 2023-2024, Programul a fost&nbsp;<a href=\"https:\/\/cji.md\/46081\/\">implementat<\/a>&nbsp;\u00een clasa a VI-a la limba rom\u00e2n\u0103, iar \u00een anul de studii 2024-2025 acesta a fost <a href=\"https:\/\/cji.md\/abordarea-integrata-a-educatiei-media-la-limba-engleza-21-de-profesoare-au-deschis-noi-perspective-pentru-dezvoltarea-gandirii-critice-a-elevilor\/\">introdus<\/a> \u00een clasa a X-a la limba englez\u0103. \u00cen total, pe parcursul celor doi ani de \u00eenv\u0103\u021b\u0103m\u00e2nt, 41 de profesoare de la 21 de institu\u021bii de \u00eenv\u0103\u021b\u0103m\u00e2nt au infuzat elemente de educa\u021bie media la limba rom\u00e2n\u0103 \u0219i, respectiv, limba englez\u0103. \u00cen anul 2025, \u00een alte zece institu\u021bii de \u00eenv\u0103\u021b\u0103m\u00e2nt este pilotat programul la limba rom\u00e2n\u0103 \u00een clasa a VI-a \u0219i la limba englez\u0103 \u00een clasa a X-a.<\/p>\n\n\n\n<p>\u00cen 2024, Ministerul Educa\u021biei \u0219i Cercet\u0103rii \u0219i Ministerul Culturii au aprobat, printr-un <a href=\"https:\/\/cji.md\/plan-interministerial-de-integrare-a-actiunilor-de-alfabetizare-informationala-si-media-aim-in-planurile-de-actiuni-ale-institutiilor-de-stat-relevante\/\">ordin comun<\/a>, Planul interministerial de integrare a ac\u021biunilor de Alfabetizare Informa\u021bional\u0103 \u0219i Media (AIM). Documentul, elaborat de Centrul pentru Jurnalism Independent, \u00ee\u0219i propune s\u0103 implice mai mult institu\u021biile de stat \u00een ac\u021biuni de alfabetizare informa\u021bional\u0103 \u0219i media \u0219i astfel s\u0103 creasc\u0103 nivelul de g\u00e2ndire critic\u0103 a cet\u0103\u021benilor Republicii Moldova.<\/p>\n\n\n\n<p>Astfel, autorit\u0103\u021bile, care recunosc importan\u021ba educa\u021biei media, preiau treptat rolul de lider \u00een promovarea alfabetiz\u0103rii informa\u021bionale \u0219i media, rol pe care acum \u00eel are de societatea civil\u0103.<\/p>\n\n\n\n<p>Prin urmare, Forumul de Educa\u021bie Media reprezint\u0103 o platform\u0103 de dialog \u0219i colaborare, care aduce la aceea\u0219i mas\u0103 factori de decizie, exper\u021bi, cadre didactice \u0219i al\u021bi actori implica\u021bi \u00een procesul educa\u021bional. Evenimentul faciliteaz\u0103 schimbul de opinii \u0219i idei, oferind oportunitatea de a analiza tendin\u021bele \u0219i perspectivele din domeniu. Totodat\u0103, Forumul creeaz\u0103 un mediu favorabil pentru diseminarea bunelor practici, a metodelor moderne de predare \u0219i a solu\u021biilor inovatoare, menite s\u0103 fac\u0103 lec\u021biile mai atractive pentru elevi. \u00cen acest mod, el devine nu doar un spa\u021biu de discu\u021bii, ci \u0219i unul care inspir\u0103 \u0219i consolideaz\u0103 comunitatea de pedagogi care dore\u0219te s\u0103 contribuie la formarea unei genera\u021bii capabile s\u0103 g\u00e2ndeasc\u0103 critic.<\/p>\n\n\n\n<p><a>\u00cen debutul celui de-al nou\u0103lea an de predare a Educa\u021biei pentru media, CJI invit\u0103 profesorii care au urmat programele de instruire \u00een domeniu s\u0103 participe la cea de-a treia edi\u021bie a Forumului de Educa\u021bie Media pentru a analiza noile perspective ale educa\u021biei media \u00een Republica Moldova. \u00cen cea de-a doua parte a zilei, vor fi organizate trei ateliere \u00een cadrul c\u0103rora profesorii se vor \u00eenregistra \u00een prealabil, \u00een func\u021bie de tematicile pentru care manifest\u0103 interes. Subiectele puse \u00een discu\u021bie se vor axa \u00een acest an pe procesul de digitalizare a educa\u021biei media, pe instrumentele de verificare a faptelor care pot fi integrate \u00een cadrul educa\u021biei media \u0219i pe <\/a>\u00eembun\u0103t\u0103\u021birea lec\u021biilor de educa\u021bie media cu ajutorul ChatGPT.<\/p>\n\n\n\n<p>Profesorii \u0219i profesoarele sunt \u00eencuraja\u021bi\/te s\u0103 se \u00eenregistreze la eveniment folosind butonul <em>\u00cenregistreaz\u0103-te<\/em> de pe aceast\u0103 platform\u0103.<\/p>\n\n\n\n<p>Num\u0103rul de participan\u021bi la eveniment este limitat. Prin urmare, \u00eendemn\u0103m profesorii s\u0103 se \u00eenregistreze din timp. Limba de lucru \u00een cadrul evenimentului va fi limba rom\u00e2n\u0103, cu asigurarea traducerii din limba englez\u0103 pentru unele sesiuni.<\/p>\n\n\n\n<p>\u00cen rezultatul discu\u021biilor \u0219i activit\u0103\u021bilor din cadrul evenimentului va fi elaborat\u0103 \u0219i propus\u0103 pentru adoptare Rezolu\u021bia Forumului care va fi transmis\u0103 Ministerului Educa\u021biei \u0219i Cercet\u0103rii.<\/p>\n\n\n\n<p><em><em>Cea de-a treia edi\u021bie a Forumului de Educa\u021bie Media este organizat\u0103 de Centrul pentru Jurnalism Independent \u00een cadrul proiectelor \u201eAvansarea educa\u021biei mediatice \u0219i sprijinirea mass-mediei din Republica Moldova\u201d, sus\u021binut de Suedia \u0219i implementat de Internews, \u201eAvansarea Alfabetiz\u0103rii Informa\u021bionale \u0219i Media \u2013 Faza a II-a\u201d, <\/em>implementat de International Media Support (IMS), cu sprijinul financiar al guvernului Danemarcei,<\/em> <em><em>\u0219i \u201eConsolidarea competen\u021belor de educa\u021bie media \u00een Republica Moldova: Pilotarea abord\u0103rii integrate \u00een educa\u021bia formal\u0103\u201d, implementat \u00een parteneriat cu Deutsche Welle Akademie \u0219i cu sus\u021binerea Ministerului Federal pentru Cooperare Economic\u0103 \u0219i Dezvoltare din Germania (BMZ).<\/em><\/em><\/p>\n\n\n\n<p><\/p>\n\n\n\n<p><\/p>\n\n\n\n<p><\/p>\n\n\n\n<p><\/p>\n\n\n\n<p><\/p>\n\n\n\n<p><\/p>\n\n\n\n<p><\/p>\n\n\n\n<p><\/p>\n","protected":false},"excerpt":{"rendered":"<p>Elit scripta volumus cu vim, cum no vidit prodesset interesset. Mollis legendos ne est, ex pri latine euismod apeirian. Nec molestie senserit an, eos no eirmod salutatus.<\/p>\n<p>Pro mucius everti ponderum at, vix reque scaevola eu. Ex nam veniam munere, at dico dictas mei. Ius ei assum assueverit. Nam ut assum nominavi.<\/p>\n","protected":false},"author":2,"featured_media":0,"parent":0,"menu_order":0,"comment_status":"closed","ping_status":"closed","template":"","meta":[],"_links":{"self":[{"href":"https:\/\/medialiteracyforum.media-azi.md\/index.php\/wp-json\/wp\/v2\/pages\/2345"}],"collection":[{"href":"https:\/\/medialiteracyforum.media-azi.md\/index.php\/wp-json\/wp\/v2\/pages"}],"about":[{"href":"https:\/\/medialiteracyforum.media-azi.md\/index.php\/wp-json\/wp\/v2\/types\/page"}],"author":[{"embeddable":true,"href":"https:\/\/medialiteracyforum.media-azi.md\/index.php\/wp-json\/wp\/v2\/users\/2"}],"replies":[{"embeddable":true,"href":"https:\/\/medialiteracyforum.media-azi.md\/index.php\/wp-json\/wp\/v2\/comments?post=2345"}],"version-history":[{"count":8,"href":"https:\/\/medialiteracyforum.media-azi.md\/index.php\/wp-json\/wp\/v2\/pages\/2345\/revisions"}],"predecessor-version":[{"id":2532,"href":"https:\/\/medialiteracyforum.media-azi.md\/index.php\/wp-json\/wp\/v2\/pages\/2345\/revisions\/2532"}],"wp:attachment":[{"href":"https:\/\/medialiteracyforum.media-azi.md\/index.php\/wp-json\/wp\/v2\/media?parent=2345"}],"curies":[{"name":"wp","href":"https:\/\/api.w.org\/{rel}","templated":true}]}}