{"id":910,"date":"2021-08-11T09:22:14","date_gmt":"2021-08-11T09:22:14","guid":{"rendered":"https:\/\/medialiteracyforum.media-azi.md\/?page_id=910"},"modified":"2025-09-05T17:39:41","modified_gmt":"2025-09-05T14:39:41","slug":"forma-de-inregistrare","status":"publish","type":"page","link":"https:\/\/medialiteracyforum.media-azi.md\/index.php\/forma-de-inregistrare\/","title":{"rendered":"\u00cenregistreaz\u0103-te"},"content":{"rendered":"<div class=\"wpforms-container wpforms-container-full wpforms-block\" id=\"wpforms-1874\"><form id=\"wpforms-form-1874\" class=\"wpforms-validate wpforms-form wpforms-ajax-form\" data-formid=\"1874\" method=\"post\" enctype=\"multipart\/form-data\" action=\"\/index.php\/wp-json\/wp\/v2\/pages\/910\" data-token=\"2054e94049ad0caac9e0eb74b4fe0498\" data-token-time=\"1776336697\"><noscript class=\"wpforms-error-noscript\">Please enable JavaScript in your browser to complete this form.<\/noscript><div class=\"wpforms-field-container\"><div id=\"wpforms-1874-field_1-container\" class=\"wpforms-field wpforms-field-name\" data-field-id=\"1\"><label class=\"wpforms-field-label\" for=\"wpforms-1874-field_1\">Numele, Prenumele <span class=\"wpforms-required-label\">*<\/span><\/label><div class=\"wpforms-field-row wpforms-field-medium\"><div class=\"wpforms-field-row-block wpforms-first wpforms-one-half\"><input type=\"text\" id=\"wpforms-1874-field_1\" class=\"wpforms-field-name-first wpforms-field-required\" name=\"wpforms[fields][1][first]\" required><label for=\"wpforms-1874-field_1\" class=\"wpforms-field-sublabel after wpforms-sublabel-hide\">First<\/label><\/div><div class=\"wpforms-field-row-block wpforms-one-half\"><input type=\"text\" id=\"wpforms-1874-field_1-last\" class=\"wpforms-field-name-last wpforms-field-required\" name=\"wpforms[fields][1][last]\" required><label for=\"wpforms-1874-field_1-last\" class=\"wpforms-field-sublabel after wpforms-sublabel-hide\">Last<\/label><\/div><\/div><\/div><div id=\"wpforms-1874-field_2-container\" class=\"wpforms-field wpforms-field-email wpforms-one-half wpforms-first\" data-field-id=\"2\"><label class=\"wpforms-field-label\" for=\"wpforms-1874-field_2\">Email <span class=\"wpforms-required-label\">*<\/span><\/label><input type=\"email\" id=\"wpforms-1874-field_2\" class=\"wpforms-field-large wpforms-field-required\" name=\"wpforms[fields][2]\" spellcheck=\"false\" required><\/div><div id=\"wpforms-1874-field_12-container\" class=\"wpforms-field wpforms-field-text wpforms-one-half\" data-field-id=\"12\"><label class=\"wpforms-field-label\" for=\"wpforms-1874-field_12\">Telefon <span class=\"wpforms-required-label\">*<\/span><\/label><input type=\"text\" id=\"wpforms-1874-field_12\" class=\"wpforms-field-large wpforms-field-required\" name=\"wpforms[fields][12]\" required><\/div><div id=\"wpforms-1874-field_9-container\" class=\"wpforms-field wpforms-field-text wpforms-one-half wpforms-first\" data-field-id=\"9\"><label class=\"wpforms-field-label\" for=\"wpforms-1874-field_9\">Institu\u021bia de \u00eenv\u0103\u021b\u0103m\u00e2nt \u00een care activa\u021bi <span class=\"wpforms-required-label\">*<\/span><\/label><input type=\"text\" id=\"wpforms-1874-field_9\" class=\"wpforms-field-large wpforms-field-required\" name=\"wpforms[fields][9]\" required><\/div><div id=\"wpforms-1874-field_10-container\" class=\"wpforms-field wpforms-field-text wpforms-one-half\" data-field-id=\"10\"><label class=\"wpforms-field-label\" for=\"wpforms-1874-field_10\">Localitatea <span class=\"wpforms-required-label\">*<\/span><\/label><input type=\"text\" id=\"wpforms-1874-field_10\" class=\"wpforms-field-large wpforms-field-required\" name=\"wpforms[fields][10]\" required><\/div><div id=\"wpforms-1874-field_3-container\" class=\"wpforms-field wpforms-field-radio\" data-field-id=\"3\"><label class=\"wpforms-field-label\">La care dintre cele patru masterclassuri care se vor desf\u0103\u0219ura \u00een intervalul orelor 14.00-15.30 dori\u021bi s\u0103 participa\u021bi? <span class=\"wpforms-required-label\">*<\/span><\/label><ul id=\"wpforms-1874-field_3\" class=\"wpforms-field-required\"><li class=\"choice-1 depth-1\"><input type=\"radio\" id=\"wpforms-1874-field_3_1\" name=\"wpforms[fields][3]\" value=\"Practici inovative de integrare a educa\u021biei media \u00een educa\u021bia formal\u0103\u201d (Natalia Gr\u00eeu\/Arminas Muse)\" required ><label class=\"wpforms-field-label-inline\" for=\"wpforms-1874-field_3_1\">Practici inovative de integrare a educa\u021biei media \u00een educa\u021bia formal\u0103\u201d (Natalia Gr\u00eeu\/Arminas Muse)<\/label><\/li><li class=\"choice-2 depth-1\"><input type=\"radio\" id=\"wpforms-1874-field_3_2\" name=\"wpforms[fields][3]\" value=\"\u201ePuterea transformatoare a Inteligen\u021bei Artificiale (AI) \u0219i implica\u021biile acesteia \u00een domeniul educa\u021biei media\u201d (Bahia Albrecht)\" required ><label class=\"wpforms-field-label-inline\" for=\"wpforms-1874-field_3_2\">\u201ePuterea transformatoare a Inteligen\u021bei Artificiale (AI) \u0219i implica\u021biile acesteia \u00een domeniul educa\u021biei media\u201d (Bahia Albrecht)<\/label><\/li><li class=\"choice-3 depth-1\"><input type=\"radio\" id=\"wpforms-1874-field_3_3\" name=\"wpforms[fields][3]\" value=\"\u201eAlfabetizarea informa\u021bional\u0103 \u0219i media - component\u0103 a profesionalismului pedagogilor\u201d (Svetlana Babenco) \" required ><label class=\"wpforms-field-label-inline\" for=\"wpforms-1874-field_3_3\">\u201eAlfabetizarea informa\u021bional\u0103 \u0219i media &#8211; component\u0103 a profesionalismului pedagogilor\u201d (Svetlana Babenco)<\/label><\/li><li class=\"choice-4 depth-1\"><input type=\"radio\" id=\"wpforms-1874-field_3_4\" name=\"wpforms[fields][3]\" value=\"\u201eInstrumente utile \u00een predarea educa\u021biei media\u201d (TBD)\" required ><label class=\"wpforms-field-label-inline\" for=\"wpforms-1874-field_3_4\">\u201eInstrumente utile \u00een predarea educa\u021biei media\u201d (TBD)<\/label><\/li><\/ul><\/div><\/div><!-- .wpforms-field-container --><div class=\"wpforms-submit-container\" ><input type=\"hidden\" name=\"wpforms[id]\" value=\"1874\"><input type=\"hidden\" name=\"page_title\" value=\"\"><input type=\"hidden\" name=\"page_url\" value=\"https:\/\/medialiteracyforum.media-azi.md\/index.php\/wp-json\/wp\/v2\/pages\/910\"><input type=\"hidden\" name=\"url_referer\" value=\"\"><button type=\"submit\" name=\"wpforms[submit]\" id=\"wpforms-submit-1874\" class=\"wpforms-submit\" data-alt-text=\"Sending...\" data-submit-text=\"Trimite\" aria-live=\"assertive\" value=\"wpforms-submit\">Trimite<\/button><img loading=\"lazy\" src=\"https:\/\/medialiteracyforum.media-azi.md\/wp-content\/plugins\/wpforms-lite\/assets\/images\/submit-spin.svg\" class=\"wpforms-submit-spinner\" style=\"display: none;\" width=\"26\" height=\"26\" alt=\"Loading\"><\/div><\/form><\/div>  <!-- .wpforms-container -->","protected":false},"excerpt":{"rendered":"","protected":false},"author":1,"featured_media":0,"parent":0,"menu_order":0,"comment_status":"closed","ping_status":"closed","template":"","meta":[],"_links":{"self":[{"href":"https:\/\/medialiteracyforum.media-azi.md\/index.php\/wp-json\/wp\/v2\/pages\/910"}],"collection":[{"href":"https:\/\/medialiteracyforum.media-azi.md\/index.php\/wp-json\/wp\/v2\/pages"}],"about":[{"href":"https:\/\/medialiteracyforum.media-azi.md\/index.php\/wp-json\/wp\/v2\/types\/page"}],"author":[{"embeddable":true,"href":"https:\/\/medialiteracyforum.media-azi.md\/index.php\/wp-json\/wp\/v2\/users\/1"}],"replies":[{"embeddable":true,"href":"https:\/\/medialiteracyforum.media-azi.md\/index.php\/wp-json\/wp\/v2\/comments?post=910"}],"version-history":[{"count":30,"href":"https:\/\/medialiteracyforum.media-azi.md\/index.php\/wp-json\/wp\/v2\/pages\/910\/revisions"}],"predecessor-version":[{"id":2298,"href":"https:\/\/medialiteracyforum.media-azi.md\/index.php\/wp-json\/wp\/v2\/pages\/910\/revisions\/2298"}],"wp:attachment":[{"href":"https:\/\/medialiteracyforum.media-azi.md\/index.php\/wp-json\/wp\/v2\/media?parent=910"}],"curies":[{"name":"wp","href":"https:\/\/api.w.org\/{rel}","templated":true}]}}